{"id":850,"date":"2024-11-02T20:03:00","date_gmt":"2024-11-02T19:03:00","guid":{"rendered":"https:\/\/hst-fitstudio.at\/?page_id=850"},"modified":"2025-01-29T19:34:13","modified_gmt":"2025-01-29T18:34:13","slug":"kontaktformular","status":"publish","type":"page","link":"https:\/\/hst-fitstudio.at\/de\/kontaktformular\/","title":{"rendered":"Kontaktformular"},"content":{"rendered":"\t\t<div data-elementor-type=\"wp-page\" data-elementor-id=\"850\" class=\"elementor elementor-850\" data-elementor-post-type=\"page\">\n\t\t\t\t<div class=\"elementor-element elementor-element-69352b7 e-flex e-con-boxed e-con e-parent\" data-id=\"69352b7\" data-element_type=\"container\" data-e-type=\"container\">\n\t\t\t\t\t<div class=\"e-con-inner\">\n\t\t\t\t<div class=\"elementor-element elementor-element-debbc7b elementor-widget elementor-widget-text-editor\" data-id=\"debbc7b\" data-element_type=\"widget\" data-e-type=\"widget\" data-widget_type=\"text-editor.default\">\n\t\t\t\t<div class=\"elementor-widget-container\">\n\t\t\t\t\t\t\t\t\t<p>Izaberi program i pokreni odmah<\/p>\t\t\t\t\t\t\t\t<\/div>\n\t\t\t\t<\/div>\n\t\t\t\t\t<\/div>\n\t\t\t\t<\/div>\n\t\t<div class=\"elementor-element elementor-element-bd113ed e-flex e-con-boxed e-con e-parent\" data-id=\"bd113ed\" data-element_type=\"container\" data-e-type=\"container\" data-settings=\"{&quot;background_background&quot;:&quot;classic&quot;}\">\n\t\t\t\t\t<div class=\"e-con-inner\">\n\t\t\t\t<div class=\"elementor-element elementor-element-6241a03 elementor-button-align-stretch elementor-widget elementor-widget-form\" data-id=\"6241a03\" data-element_type=\"widget\" data-e-type=\"widget\" data-settings=\"{&quot;step_next_label&quot;:&quot;N\\u00e4chster&quot;,&quot;step_previous_label&quot;:&quot;Voriger&quot;,&quot;button_width&quot;:&quot;30&quot;,&quot;step_type&quot;:&quot;number_text&quot;,&quot;step_icon_shape&quot;:&quot;circle&quot;}\" data-widget_type=\"form.default\">\n\t\t\t\t<div class=\"elementor-widget-container\">\n\t\t\t\t\t\t\t<form class=\"elementor-form\" method=\"post\" name=\"Neues Formular\">\n\t\t\t<input type=\"hidden\" name=\"post_id\" value=\"850\"\/>\n\t\t\t<input type=\"hidden\" name=\"form_id\" value=\"6241a03\"\/>\n\t\t\t<input type=\"hidden\" name=\"referer_title\" value=\"Kontaktformular - Dein Gesundheitstrainer Studio\" \/>\n\n\t\t\t\t\t\t\t<input type=\"hidden\" name=\"queried_id\" value=\"850\"\/>\n\t\t\t\n\t\t\t<div class=\"elementor-form-fields-wrapper elementor-labels-above\">\n\t\t\t\t\t\t\t\t<div class=\"elementor-field-type-select elementor-field-group elementor-column elementor-field-group-field_9190c76 elementor-col-100\">\n\t\t\t\t\t\t\t\t\t\t\t\t<label for=\"form-field-field_9190c76\" class=\"elementor-field-label\">\n\t\t\t\t\t\t\t\tIzaberi Training\t\t\t\t\t\t\t<\/label>\n\t\t\t\t\t\t\t\t<div class=\"elementor-field elementor-select-wrapper remove-before \">\n\t\t\t<div class=\"select-caret-down-wrapper\">\n\t\t\t\t<svg aria-hidden=\"true\" class=\"e-font-icon-svg e-eicon-caret-down\" viewBox=\"0 0 571.4 571.4\" xmlns=\"http:\/\/www.w3.org\/2000\/svg\"><path d=\"M571 393Q571 407 561 418L311 668Q300 679 286 679T261 668L11 418Q0 407 0 393T11 368 36 357H536Q550 357 561 368T571 393Z\"><\/path><\/svg>\t\t\t<\/div>\n\t\t\t<select name=\"form_fields[field_9190c76]\" id=\"form-field-field_9190c76\" class=\"elementor-field-textual elementor-size-sm\">\n\t\t\t\t\t\t\t\t\t<option value=\"Basic Abo\">Basic Abo<\/option>\n\t\t\t\t\t\t\t\t\t<option value=\"Grupni treninzi 6-10\">Grupni treninzi 6-10<\/option>\n\t\t\t\t\t\t\t\t\t<option value=\"Grupni treninzi 10-15\">Grupni treninzi 10-15<\/option>\n\t\t\t\t\t\t\t\t\t<option value=\"Individualni treninzi 1 Osoba\">Individualni treninzi 1 Osoba<\/option>\n\t\t\t\t\t\t\t\t\t<option value=\"Individualni treninzi Tandem 2 osobe\">Individualni treninzi Tandem 2 osobe<\/option>\n\t\t\t\t\t\t\t\t\t<option value=\"Plan ishrane 1 osoba\">Plan ishrane 1 osoba<\/option>\n\t\t\t\t\t\t\t\t\t<option value=\"Online program\">Online program<\/option>\n\t\t\t\t\t\t\t<\/select>\n\t\t<\/div>\n\t\t\t\t\t\t<\/div>\n\t\t\t\t\t\t\t\t<div class=\"elementor-field-type-text elementor-field-group elementor-column elementor-field-group-name elementor-col-50\">\n\t\t\t\t\t\t\t\t\t\t\t\t<label for=\"form-field-name\" class=\"elementor-field-label\">\n\t\t\t\t\t\t\t\tIme\t\t\t\t\t\t\t<\/label>\n\t\t\t\t\t\t\t\t\t\t\t\t\t\t<input size=\"1\" type=\"text\" name=\"form_fields[name]\" id=\"form-field-name\" class=\"elementor-field elementor-size-sm  elementor-field-textual\" placeholder=\"Ime\">\n\t\t\t\t\t\t\t\t\t\t\t<\/div>\n\t\t\t\t\t\t\t\t<div class=\"elementor-field-type-text elementor-field-group elementor-column elementor-field-group-field_32574a6 elementor-col-50\">\n\t\t\t\t\t\t\t\t\t\t\t\t<label for=\"form-field-field_32574a6\" class=\"elementor-field-label\">\n\t\t\t\t\t\t\t\tPrezime\t\t\t\t\t\t\t<\/label>\n\t\t\t\t\t\t\t\t\t\t\t\t\t\t<input size=\"1\" type=\"text\" name=\"form_fields[field_32574a6]\" id=\"form-field-field_32574a6\" class=\"elementor-field elementor-size-sm  elementor-field-textual\" placeholder=\"Prezime\">\n\t\t\t\t\t\t\t\t\t\t\t<\/div>\n\t\t\t\t\t\t\t\t<div class=\"elementor-field-type-email elementor-field-group elementor-column elementor-field-group-email elementor-col-100 elementor-field-required\">\n\t\t\t\t\t\t\t\t\t\t\t\t<label for=\"form-field-email\" class=\"elementor-field-label\">\n\t\t\t\t\t\t\t\tE-Mail\t\t\t\t\t\t\t<\/label>\n\t\t\t\t\t\t\t\t\t\t\t\t\t\t<input size=\"1\" type=\"email\" name=\"form_fields[email]\" id=\"form-field-email\" class=\"elementor-field elementor-size-sm  elementor-field-textual\" placeholder=\"E-Mail\" required=\"required\" aria-required=\"true\">\n\t\t\t\t\t\t\t\t\t\t\t<\/div>\n\t\t\t\t\t\t\t\t<div class=\"elementor-field-type-tel elementor-field-group elementor-column elementor-field-group-field_2fa1287 elementor-col-60\">\n\t\t\t\t\t\t\t\t\t\t\t\t<label for=\"form-field-field_2fa1287\" class=\"elementor-field-label\">\n\t\t\t\t\t\t\t\tBroj Telefona\t\t\t\t\t\t\t<\/label>\n\t\t\t\t\t\t\t\t<input size=\"1\" type=\"tel\" name=\"form_fields[field_2fa1287]\" id=\"form-field-field_2fa1287\" class=\"elementor-field elementor-size-sm  elementor-field-textual\" placeholder=\"Broj Telefona\" pattern=\"[0-9()#&amp;+*-=.]+\" title=\"Only numbers and phone characters (#, -, *, etc) are accepted.\">\n\n\t\t\t\t\t\t<\/div>\n\t\t\t\t\t\t\t\t<div class=\"elementor-field-type-textarea elementor-field-group elementor-column elementor-field-group-message elementor-col-100\">\n\t\t\t\t\t\t\t\t\t\t\t\t<label for=\"form-field-message\" class=\"elementor-field-label\">\n\t\t\t\t\t\t\t\tPoruka\t\t\t\t\t\t\t<\/label>\n\t\t\t\t\t\t<textarea class=\"elementor-field-textual elementor-field  elementor-size-sm\" name=\"form_fields[message]\" id=\"form-field-message\" rows=\"4\" placeholder=\"Poruka\"><\/textarea>\t\t\t\t<\/div>\n\t\t\t\t\t\t\t\t<div class=\"elementor-field-type-acceptance elementor-field-group elementor-column elementor-field-group-field_ff6e3fb elementor-col-100 elementor-field-required\">\n\t\t\t\t\t\t\t\t\t\t\t\t<label for=\"form-field-field_ff6e3fb\" class=\"elementor-field-label\">\n\t\t\t\t\t\t\t\tDSGVO\t\t\t\t\t\t\t<\/label>\n\t\t\t\t\t\t\t\t<div class=\"elementor-field-subgroup\">\n\t\t\t<span class=\"elementor-field-option\">\n\t\t\t\t<input type=\"checkbox\" name=\"form_fields[field_ff6e3fb]\" id=\"form-field-field_ff6e3fb\" class=\"elementor-field elementor-size-sm  elementor-acceptance-field\" required=\"required\" aria-required=\"true\">\n\t\t\t\t<label for=\"form-field-field_ff6e3fb\">Ja akzeptiram DSGVO<\/label>\t\t\t<\/span>\n\t\t<\/div>\n\t\t\t\t\t\t<\/div>\n\t\t\t\t\t\t\t\t<div class=\"elementor-field-group elementor-column elementor-field-type-submit elementor-col-30 e-form__buttons\">\n\t\t\t\t\t<button class=\"elementor-button elementor-size-sm\" type=\"submit\">\n\t\t\t\t\t\t<span class=\"elementor-button-content-wrapper\">\n\t\t\t\t\t\t\t\t\t\t\t\t\t\t\t\t\t\t\t\t\t\t<span class=\"elementor-button-text\">Po\u0161alji prijavu<\/span>\n\t\t\t\t\t\t\t\t\t\t\t\t\t<\/span>\n\t\t\t\t\t<\/button>\n\t\t\t\t<\/div>\n\t\t\t<\/div>\n\t\t<\/form>\n\t\t\t\t\t\t<\/div>\n\t\t\t\t<\/div>\n\t\t\t\t\t<\/div>\n\t\t\t\t<\/div>\n\t\t\t\t<\/div>\n\t\t","protected":false},"excerpt":{"rendered":"<p>W\u00e4hle dein Training aus und Starte gleich<\/p>","protected":false},"author":1,"featured_media":0,"parent":0,"menu_order":0,"comment_status":"closed","ping_status":"closed","template":"","meta":{"iawp_total_views":652,"footnotes":""},"class_list":["post-850","page","type-page","status-publish","hentry"],"yoast_head":"<!-- This site is optimized with the Yoast SEO plugin v24.5 - https:\/\/yoast.com\/wordpress\/plugins\/seo\/ -->\n<title>Kontaktformular - Dein Gesundheitstrainer Studio<\/title>\n<meta name=\"description\" content=\"Dein Fitnessstudio nur f\u00fcr Frauen! Erreiche Deine Ziele mit professionellen Gesundheitstrainerinnen und individuellem Personal Training. Genie\u00dfe Frauenfitness in motivierender Atmosph\u00e4re und st\u00e4rke Dein Wohlbefinden!\" \/>\n<meta name=\"robots\" content=\"index, follow, max-snippet:-1, max-image-preview:large, max-video-preview:-1\" \/>\n<link rel=\"canonical\" href=\"https:\/\/hst-fitstudio.at\/de\/kontaktformular\/\" \/>\n<meta property=\"og:locale\" content=\"de_DE\" \/>\n<meta property=\"og:type\" content=\"article\" \/>\n<meta property=\"og:title\" content=\"Kontaktformular - Dein Gesundheitstrainer Studio\" \/>\n<meta property=\"og:description\" content=\"Dein Fitnessstudio nur f\u00fcr Frauen! Erreiche Deine Ziele mit professionellen Gesundheitstrainerinnen und individuellem Personal Training. Genie\u00dfe Frauenfitness in motivierender Atmosph\u00e4re und st\u00e4rke Dein Wohlbefinden!\" \/>\n<meta property=\"og:url\" content=\"https:\/\/hst-fitstudio.at\/de\/kontaktformular\/\" \/>\n<meta property=\"og:site_name\" content=\"Dein Gesundheitstrainer Studio\" \/>\n<meta property=\"article:modified_time\" content=\"2025-01-29T18:34:13+00:00\" \/>\n<meta name=\"twitter:card\" content=\"summary_large_image\" \/>\n<meta name=\"twitter:label1\" content=\"Gesch\u00e4tzte Lesezeit\" \/>\n\t<meta name=\"twitter:data1\" content=\"1 Minute\" \/>\n<script type=\"application\/ld+json\" class=\"yoast-schema-graph\">{\"@context\":\"https:\/\/schema.org\",\"@graph\":[{\"@type\":\"WebPage\",\"@id\":\"https:\/\/hst-fitstudio.at\/kontaktformular\/\",\"url\":\"https:\/\/hst-fitstudio.at\/kontaktformular\/\",\"name\":\"Kontaktformular - Dein Gesundheitstrainer Studio\",\"isPartOf\":{\"@id\":\"https:\/\/hst-fitstudio.at\/#website\"},\"datePublished\":\"2024-11-02T19:03:00+00:00\",\"dateModified\":\"2025-01-29T18:34:13+00:00\",\"description\":\"Dein Fitnessstudio nur f\u00fcr Frauen! Erreiche Deine Ziele mit professionellen Gesundheitstrainerinnen und individuellem Personal Training. Genie\u00dfe Frauenfitness in motivierender Atmosph\u00e4re und st\u00e4rke Dein Wohlbefinden!\",\"breadcrumb\":{\"@id\":\"https:\/\/hst-fitstudio.at\/kontaktformular\/#breadcrumb\"},\"inLanguage\":\"de-AT\",\"potentialAction\":[{\"@type\":\"ReadAction\",\"target\":[\"https:\/\/hst-fitstudio.at\/kontaktformular\/\"]}]},{\"@type\":\"BreadcrumbList\",\"@id\":\"https:\/\/hst-fitstudio.at\/kontaktformular\/#breadcrumb\",\"itemListElement\":[{\"@type\":\"ListItem\",\"position\":1,\"name\":\"Startseite\",\"item\":\"https:\/\/hst-fitstudio.at\/\"},{\"@type\":\"ListItem\",\"position\":2,\"name\":\"Kontaktformular\"}]},{\"@type\":\"WebSite\",\"@id\":\"https:\/\/hst-fitstudio.at\/#website\",\"url\":\"https:\/\/hst-fitstudio.at\/\",\"name\":\"Dein Gesundheitstrainer Studio\",\"description\":\"Fitness za \u017eene u Grazu sa trenericama\",\"publisher\":{\"@id\":\"https:\/\/hst-fitstudio.at\/#organization\"},\"alternateName\":\"Dein Fitnessstudio nur f\u00fcr Frauen! Erreiche Deine Ziele mit professionellen Gesundheitstrainerinnen und individuellem Personal Training. Genie\u00dfe Frauenfitness in motivierender Atmosph\u00e4re und st\u00e4rke Dein Wohlbefinden!\",\"potentialAction\":[{\"@type\":\"SearchAction\",\"target\":{\"@type\":\"EntryPoint\",\"urlTemplate\":\"https:\/\/hst-fitstudio.at\/?s={search_term_string}\"},\"query-input\":{\"@type\":\"PropertyValueSpecification\",\"valueRequired\":true,\"valueName\":\"search_term_string\"}}],\"inLanguage\":\"de-AT\"},{\"@type\":\"Organization\",\"@id\":\"https:\/\/hst-fitstudio.at\/#organization\",\"name\":\"Dein Gesundheitstrainer Studio\",\"alternateName\":\"Dein Fitnessstudio nur f\u00fcr Frauen! Erreiche Deine Ziele mit professionellen Gesundheitstrainerinnen und individuellem Personal Training. Genie\u00dfe Frauenfitness in motivierender Atmosph\u00e4re und st\u00e4rke Dein Wohlbefinden!\",\"url\":\"https:\/\/hst-fitstudio.at\/\",\"logo\":{\"@type\":\"ImageObject\",\"inLanguage\":\"de-AT\",\"@id\":\"https:\/\/hst-fitstudio.at\/#\/schema\/logo\/image\/\",\"url\":\"https:\/\/hst-fitstudio.at\/wp-content\/uploads\/2024\/09\/transparent-logo-white.png\",\"contentUrl\":\"https:\/\/hst-fitstudio.at\/wp-content\/uploads\/2024\/09\/transparent-logo-white.png\",\"width\":500,\"height\":388,\"caption\":\"Dein Gesundheitstrainer Studio\"},\"image\":{\"@id\":\"https:\/\/hst-fitstudio.at\/#\/schema\/logo\/image\/\"}}]}<\/script>\n<!-- \/ Yoast SEO plugin. -->","yoast_head_json":{"title":"Kontaktformular - Dein Gesundheitstrainer Studio","description":"Dein Fitnessstudio nur f\u00fcr Frauen! Erreiche Deine Ziele mit professionellen Gesundheitstrainerinnen und individuellem Personal Training. Genie\u00dfe Frauenfitness in motivierender Atmosph\u00e4re und st\u00e4rke Dein Wohlbefinden!","robots":{"index":"index","follow":"follow","max-snippet":"max-snippet:-1","max-image-preview":"max-image-preview:large","max-video-preview":"max-video-preview:-1"},"canonical":"https:\/\/hst-fitstudio.at\/de\/kontaktformular\/","og_locale":"de_DE","og_type":"article","og_title":"Kontaktformular - Dein Gesundheitstrainer Studio","og_description":"Dein Fitnessstudio nur f\u00fcr Frauen! Erreiche Deine Ziele mit professionellen Gesundheitstrainerinnen und individuellem Personal Training. Genie\u00dfe Frauenfitness in motivierender Atmosph\u00e4re und st\u00e4rke Dein Wohlbefinden!","og_url":"https:\/\/hst-fitstudio.at\/de\/kontaktformular\/","og_site_name":"Dein Gesundheitstrainer Studio","article_modified_time":"2025-01-29T18:34:13+00:00","twitter_card":"summary_large_image","twitter_misc":{"Gesch\u00e4tzte Lesezeit":"1 Minute"},"schema":{"@context":"https:\/\/schema.org","@graph":[{"@type":"WebPage","@id":"https:\/\/hst-fitstudio.at\/kontaktformular\/","url":"https:\/\/hst-fitstudio.at\/kontaktformular\/","name":"Kontaktformular - Dein Gesundheitstrainer Studio","isPartOf":{"@id":"https:\/\/hst-fitstudio.at\/#website"},"datePublished":"2024-11-02T19:03:00+00:00","dateModified":"2025-01-29T18:34:13+00:00","description":"Dein Fitnessstudio nur f\u00fcr Frauen! Erreiche Deine Ziele mit professionellen Gesundheitstrainerinnen und individuellem Personal Training. Genie\u00dfe Frauenfitness in motivierender Atmosph\u00e4re und st\u00e4rke Dein Wohlbefinden!","breadcrumb":{"@id":"https:\/\/hst-fitstudio.at\/kontaktformular\/#breadcrumb"},"inLanguage":"de-AT","potentialAction":[{"@type":"ReadAction","target":["https:\/\/hst-fitstudio.at\/kontaktformular\/"]}]},{"@type":"BreadcrumbList","@id":"https:\/\/hst-fitstudio.at\/kontaktformular\/#breadcrumb","itemListElement":[{"@type":"ListItem","position":1,"name":"Startseite","item":"https:\/\/hst-fitstudio.at\/"},{"@type":"ListItem","position":2,"name":"Kontaktformular"}]},{"@type":"WebSite","@id":"https:\/\/hst-fitstudio.at\/#website","url":"https:\/\/hst-fitstudio.at\/","name":"Dein Gesundheitstrainer Studio","description":"Fitness za \u017eene u Grazu sa trenericama","publisher":{"@id":"https:\/\/hst-fitstudio.at\/#organization"},"alternateName":"Dein Fitnessstudio nur f\u00fcr Frauen! Erreiche Deine Ziele mit professionellen Gesundheitstrainerinnen und individuellem Personal Training. Genie\u00dfe Frauenfitness in motivierender Atmosph\u00e4re und st\u00e4rke Dein Wohlbefinden!","potentialAction":[{"@type":"SearchAction","target":{"@type":"EntryPoint","urlTemplate":"https:\/\/hst-fitstudio.at\/?s={search_term_string}"},"query-input":{"@type":"PropertyValueSpecification","valueRequired":true,"valueName":"search_term_string"}}],"inLanguage":"de-AT"},{"@type":"Organization","@id":"https:\/\/hst-fitstudio.at\/#organization","name":"Dein Gesundheitstrainer Studio","alternateName":"Dein Fitnessstudio nur f\u00fcr Frauen! Erreiche Deine Ziele mit professionellen Gesundheitstrainerinnen und individuellem Personal Training. Genie\u00dfe Frauenfitness in motivierender Atmosph\u00e4re und st\u00e4rke Dein Wohlbefinden!","url":"https:\/\/hst-fitstudio.at\/","logo":{"@type":"ImageObject","inLanguage":"de-AT","@id":"https:\/\/hst-fitstudio.at\/#\/schema\/logo\/image\/","url":"https:\/\/hst-fitstudio.at\/wp-content\/uploads\/2024\/09\/transparent-logo-white.png","contentUrl":"https:\/\/hst-fitstudio.at\/wp-content\/uploads\/2024\/09\/transparent-logo-white.png","width":500,"height":388,"caption":"Dein Gesundheitstrainer Studio"},"image":{"@id":"https:\/\/hst-fitstudio.at\/#\/schema\/logo\/image\/"}}]}},"_links":{"self":[{"href":"https:\/\/hst-fitstudio.at\/de\/wp-json\/wp\/v2\/pages\/850"}],"collection":[{"href":"https:\/\/hst-fitstudio.at\/de\/wp-json\/wp\/v2\/pages"}],"about":[{"href":"https:\/\/hst-fitstudio.at\/de\/wp-json\/wp\/v2\/types\/page"}],"author":[{"embeddable":true,"href":"https:\/\/hst-fitstudio.at\/de\/wp-json\/wp\/v2\/users\/1"}],"replies":[{"embeddable":true,"href":"https:\/\/hst-fitstudio.at\/de\/wp-json\/wp\/v2\/comments?post=850"}],"version-history":[{"count":0,"href":"https:\/\/hst-fitstudio.at\/de\/wp-json\/wp\/v2\/pages\/850\/revisions"}],"wp:attachment":[{"href":"https:\/\/hst-fitstudio.at\/de\/wp-json\/wp\/v2\/media?parent=850"}],"curies":[{"name":"wp","href":"https:\/\/api.w.org\/{rel}","templated":true}]}}