{"id":731,"date":"2024-10-31T20:12:19","date_gmt":"2024-10-31T19:12:19","guid":{"rendered":"https:\/\/hst-fitstudio.at\/?page_id=731"},"modified":"2025-02-26T21:09:31","modified_gmt":"2025-02-26T20:09:31","slug":"impressum","status":"publish","type":"page","link":"https:\/\/hst-fitstudio.at\/de\/impressum\/","title":{"rendered":"Impressum"},"content":{"rendered":"<div data-elementor-type=\"wp-page\" data-elementor-id=\"731\" class=\"elementor elementor-731\" data-elementor-post-type=\"page\">\n\t\t\t\t<div class=\"elementor-element elementor-element-64e60f7 e-flex e-con-boxed e-con e-parent\" data-id=\"64e60f7\" data-element_type=\"container\" data-e-type=\"container\" data-settings=\"{&quot;background_background&quot;:&quot;classic&quot;}\">\n\t\t\t\t\t<div class=\"e-con-inner\">\n\t\t\t\t<div class=\"elementor-element elementor-element-1b4c7d9c elementor-widget elementor-widget-text-editor\" data-id=\"1b4c7d9c\" data-element_type=\"widget\" data-e-type=\"widget\" data-widget_type=\"text-editor.default\">\n\t\t\t\t<div class=\"elementor-widget-container\">\n\t\t\t\t\t\t\t\t\t<p>Impressum<\/p>\n<p><u>Informationen \u00fcber den Diensteanbieter.<\/u><\/p>\n<p>HST Fit Studio OG<\/p>\n<p>Triester Stra\u00dfe 375,<\/p>\n<p>8055 Graz, \u00d6sterreich<\/p>\n<p>Tel.: +43 660 5373796<\/p>\n<p>Tel: +43 677 618 13 068<\/p>\n<p>E-Mail: office@hst-fitstudio.at<\/p>\n<p>Firmenbuchgericht: politische Gemeinde Graz<\/p>\n<p>Firmensitz: 8055 Graz<\/p>\n<p>Steuernummer: 689068146<\/p>\n<p>Unternehmensgegenstand: Fitnessstudio<\/p>\n<p>Mitglied bei: WKO<\/p>\n<p>Berufsrecht: www.ris.bka.gv.at<\/p>\n<p>Aufsichtsbeh\u00f6rde:politische Gemeine Graz<\/p>\n<p>Webseite: https:\/\/www.graz.at\/ Berufsbezeichnung: Fitnessstudio<\/p>\n<p>Verleihungsstaat: \u00d6sterreich<\/p>\n<p><u>Vertretungsbefugte Gesellschafter:&nbsp;<\/u><\/p>\n<p>Selma Tuti\u0107,<\/p>\n<p>Selma Hasanagi\u0107, Msc,Bsc<\/p>\n<p>Datenschutz Verantwortlicher<\/p>\n<p>Frau Selma Hasanagi\u0107, Bsc, Msc,<\/p>\n<p>Frau Selma Tuti\u0107<\/p>\n<p>E-Mail: office@hst-fitstudio.at<\/p>\n<p>Tel.: +43 660 5373796<\/p>\n<p>Tel: +43 677 618 13 068<\/p>\n<p>Impressum: https:\/\/www.hst-fitstudio.at\/impressum\/<\/p>\n<p><u>Vertretungsberechtigter:&nbsp;<\/u><\/p>\n<p>Frau Selma Hasanagi\u0107,Msc,Bsc,<\/p>\n<p>Frau Selma Tuti\u0107<\/p>\n<p>EU-Streitschlichtung<\/p>\n<p>Gem\u00e4\u00df Verordnung \u00fcber Online-Streitbeilegung in Verbraucherangelegenheiten (ODR-Verordnung) m\u00f6chten wir Sie \u00fc<\/p>\n<p>Streitbeilegungsplattform (OS-Plattform) informieren.<\/p>\n<p>Verbraucher haben die M\u00f6glichkeit, Beschwerden an die Online Streitbeilegungsplattform der Europ\u00e4ischen Kommis: https:\/\/ec.europa.eu\/consumers\/odr\/main\/index.cfm?event=main.home2.show&amp;lng=DE zu richten. Die daf\u00fcr notwer finden Sie oberhalb in unserem Impressum.<\/p>\n<p>Wir m\u00f6chten Sie jedoch darauf hinweisen, dass wir nicht bereit oder verpflichtet sind, an Streitbeilegungsverfahren vo<\/p>\n<p>Verbraucherschlichtungsstelle teilzunehmen.<\/p>\n<p>Bildernachweis<\/p>\n<p>Die Bilder, Fotos und Grafiken auf dieser Webseite sind urheberrechtlich gesch\u00fctzt.<\/p>\n<p>Die Bilderrechte liegen bei:<\/p>\n<p>Hst Fitstudio<\/p>\n<p>freepik.com<\/p>\n<p><a href=\"https:\/\/haddes.at\">Webdesign Optimierung &amp; \u00dcbersetzung<\/a><\/p>\n<p><a href=\"https:\/\/haddes.at\" target=\"_blank\" rel=\"noopener\">Haddes | Hadziomerovic Design<\/a><\/p>\t\t\t\t\t\t\t\t<\/div>\n\t\t\t\t<\/div>\n\t\t\t\t\t<\/div>\n\t\t\t\t<\/div>\n\t\t\t\t<\/div>","protected":false},"excerpt":{"rendered":"<p>Impressum Informationen \u00fcber den Diensteanbieter. HST Fit Studio OG Triester Stra\u00dfe 375, 8055 Graz, \u00d6sterreich Tel.: +43 660 5373796 Tel: +43 677 618 13 068 E-Mail: office@hst-fitstudio.at Firmenbuchgericht: politische Gemeinde Graz Firmensitz: 8055 Graz Steuernummer: 689068146 Unternehmensgegenstand: Fitnessstudio Mitglied bei: WKO Berufsrecht: www.ris.bka.gv.at Aufsichtsbeh\u00f6rde:politische Gemeine Graz Webseite: https:\/\/www.graz.at\/ Berufsbezeichnung: Fitnessstudio Verleihungsstaat: \u00d6sterreich Vertretungsbefugte Gesellschafter:&nbsp; Selma [&hellip;]<\/p>\n","protected":false},"author":1,"featured_media":0,"parent":0,"menu_order":0,"comment_status":"closed","ping_status":"closed","template":"","meta":{"iawp_total_views":315,"footnotes":""},"class_list":["post-731","page","type-page","status-publish","hentry"],"yoast_head":"<!-- This site is optimized with the Yoast SEO plugin v24.5 - https:\/\/yoast.com\/wordpress\/plugins\/seo\/ -->\n<title>Impressum - Dein Gesundheitstrainer Studio<\/title>\n<meta name=\"description\" content=\"Dein Fitnessstudio nur f\u00fcr Frauen! Erreiche Deine Ziele mit professionellen Gesundheitstrainerinnen und individuellem Personal Training. Genie\u00dfe Frauenfitness in motivierender Atmosph\u00e4re und st\u00e4rke Dein Wohlbefinden!\" \/>\n<meta name=\"robots\" content=\"index, follow, max-snippet:-1, max-image-preview:large, max-video-preview:-1\" \/>\n<link rel=\"canonical\" href=\"https:\/\/hst-fitstudio.at\/de\/impressum\/\" \/>\n<meta property=\"og:locale\" content=\"de_DE\" \/>\n<meta property=\"og:type\" content=\"article\" \/>\n<meta property=\"og:title\" content=\"Impressum - Dein Gesundheitstrainer Studio\" \/>\n<meta property=\"og:description\" content=\"Dein Fitnessstudio nur f\u00fcr Frauen! Erreiche Deine Ziele mit professionellen Gesundheitstrainerinnen und individuellem Personal Training. Genie\u00dfe Frauenfitness in motivierender Atmosph\u00e4re und st\u00e4rke Dein Wohlbefinden!\" \/>\n<meta property=\"og:url\" content=\"https:\/\/hst-fitstudio.at\/de\/impressum\/\" \/>\n<meta property=\"og:site_name\" content=\"Dein Gesundheitstrainer Studio\" \/>\n<meta property=\"article:modified_time\" content=\"2025-02-26T20:09:31+00:00\" \/>\n<meta name=\"twitter:card\" content=\"summary_large_image\" \/>\n<meta name=\"twitter:label1\" content=\"Gesch\u00e4tzte Lesezeit\" \/>\n\t<meta name=\"twitter:data1\" content=\"1 Minute\" \/>\n<script type=\"application\/ld+json\" class=\"yoast-schema-graph\">{\"@context\":\"https:\/\/schema.org\",\"@graph\":[{\"@type\":\"WebPage\",\"@id\":\"https:\/\/hst-fitstudio.at\/impressum\/\",\"url\":\"https:\/\/hst-fitstudio.at\/impressum\/\",\"name\":\"Impressum - Dein Gesundheitstrainer Studio\",\"isPartOf\":{\"@id\":\"https:\/\/hst-fitstudio.at\/#website\"},\"datePublished\":\"2024-10-31T19:12:19+00:00\",\"dateModified\":\"2025-02-26T20:09:31+00:00\",\"description\":\"Dein Fitnessstudio nur f\u00fcr Frauen! Erreiche Deine Ziele mit professionellen Gesundheitstrainerinnen und individuellem Personal Training. Genie\u00dfe Frauenfitness in motivierender Atmosph\u00e4re und st\u00e4rke Dein Wohlbefinden!\",\"breadcrumb\":{\"@id\":\"https:\/\/hst-fitstudio.at\/impressum\/#breadcrumb\"},\"inLanguage\":\"de-AT\",\"potentialAction\":[{\"@type\":\"ReadAction\",\"target\":[\"https:\/\/hst-fitstudio.at\/impressum\/\"]}]},{\"@type\":\"BreadcrumbList\",\"@id\":\"https:\/\/hst-fitstudio.at\/impressum\/#breadcrumb\",\"itemListElement\":[{\"@type\":\"ListItem\",\"position\":1,\"name\":\"Startseite\",\"item\":\"https:\/\/hst-fitstudio.at\/\"},{\"@type\":\"ListItem\",\"position\":2,\"name\":\"Impressum\"}]},{\"@type\":\"WebSite\",\"@id\":\"https:\/\/hst-fitstudio.at\/#website\",\"url\":\"https:\/\/hst-fitstudio.at\/\",\"name\":\"Dein Gesundheitstrainer Studio\",\"description\":\"Fitness za \u017eene u Grazu sa trenericama\",\"publisher\":{\"@id\":\"https:\/\/hst-fitstudio.at\/#organization\"},\"alternateName\":\"Dein Fitnessstudio nur f\u00fcr Frauen! Erreiche Deine Ziele mit professionellen Gesundheitstrainerinnen und individuellem Personal Training. Genie\u00dfe Frauenfitness in motivierender Atmosph\u00e4re und st\u00e4rke Dein Wohlbefinden!\",\"potentialAction\":[{\"@type\":\"SearchAction\",\"target\":{\"@type\":\"EntryPoint\",\"urlTemplate\":\"https:\/\/hst-fitstudio.at\/?s={search_term_string}\"},\"query-input\":{\"@type\":\"PropertyValueSpecification\",\"valueRequired\":true,\"valueName\":\"search_term_string\"}}],\"inLanguage\":\"de-AT\"},{\"@type\":\"Organization\",\"@id\":\"https:\/\/hst-fitstudio.at\/#organization\",\"name\":\"Dein Gesundheitstrainer Studio\",\"alternateName\":\"Dein Fitnessstudio nur f\u00fcr Frauen! Erreiche Deine Ziele mit professionellen Gesundheitstrainerinnen und individuellem Personal Training. Genie\u00dfe Frauenfitness in motivierender Atmosph\u00e4re und st\u00e4rke Dein Wohlbefinden!\",\"url\":\"https:\/\/hst-fitstudio.at\/\",\"logo\":{\"@type\":\"ImageObject\",\"inLanguage\":\"de-AT\",\"@id\":\"https:\/\/hst-fitstudio.at\/#\/schema\/logo\/image\/\",\"url\":\"https:\/\/hst-fitstudio.at\/wp-content\/uploads\/2024\/09\/transparent-logo-white.png\",\"contentUrl\":\"https:\/\/hst-fitstudio.at\/wp-content\/uploads\/2024\/09\/transparent-logo-white.png\",\"width\":500,\"height\":388,\"caption\":\"Dein Gesundheitstrainer Studio\"},\"image\":{\"@id\":\"https:\/\/hst-fitstudio.at\/#\/schema\/logo\/image\/\"}}]}<\/script>\n<!-- \/ Yoast SEO plugin. -->","yoast_head_json":{"title":"Impressum - Dein Gesundheitstrainer Studio","description":"Dein Fitnessstudio nur f\u00fcr Frauen! Erreiche Deine Ziele mit professionellen Gesundheitstrainerinnen und individuellem Personal Training. Genie\u00dfe Frauenfitness in motivierender Atmosph\u00e4re und st\u00e4rke Dein Wohlbefinden!","robots":{"index":"index","follow":"follow","max-snippet":"max-snippet:-1","max-image-preview":"max-image-preview:large","max-video-preview":"max-video-preview:-1"},"canonical":"https:\/\/hst-fitstudio.at\/de\/impressum\/","og_locale":"de_DE","og_type":"article","og_title":"Impressum - Dein Gesundheitstrainer Studio","og_description":"Dein Fitnessstudio nur f\u00fcr Frauen! Erreiche Deine Ziele mit professionellen Gesundheitstrainerinnen und individuellem Personal Training. Genie\u00dfe Frauenfitness in motivierender Atmosph\u00e4re und st\u00e4rke Dein Wohlbefinden!","og_url":"https:\/\/hst-fitstudio.at\/de\/impressum\/","og_site_name":"Dein Gesundheitstrainer Studio","article_modified_time":"2025-02-26T20:09:31+00:00","twitter_card":"summary_large_image","twitter_misc":{"Gesch\u00e4tzte Lesezeit":"1 Minute"},"schema":{"@context":"https:\/\/schema.org","@graph":[{"@type":"WebPage","@id":"https:\/\/hst-fitstudio.at\/impressum\/","url":"https:\/\/hst-fitstudio.at\/impressum\/","name":"Impressum - Dein Gesundheitstrainer Studio","isPartOf":{"@id":"https:\/\/hst-fitstudio.at\/#website"},"datePublished":"2024-10-31T19:12:19+00:00","dateModified":"2025-02-26T20:09:31+00:00","description":"Dein Fitnessstudio nur f\u00fcr Frauen! Erreiche Deine Ziele mit professionellen Gesundheitstrainerinnen und individuellem Personal Training. Genie\u00dfe Frauenfitness in motivierender Atmosph\u00e4re und st\u00e4rke Dein Wohlbefinden!","breadcrumb":{"@id":"https:\/\/hst-fitstudio.at\/impressum\/#breadcrumb"},"inLanguage":"de-AT","potentialAction":[{"@type":"ReadAction","target":["https:\/\/hst-fitstudio.at\/impressum\/"]}]},{"@type":"BreadcrumbList","@id":"https:\/\/hst-fitstudio.at\/impressum\/#breadcrumb","itemListElement":[{"@type":"ListItem","position":1,"name":"Startseite","item":"https:\/\/hst-fitstudio.at\/"},{"@type":"ListItem","position":2,"name":"Impressum"}]},{"@type":"WebSite","@id":"https:\/\/hst-fitstudio.at\/#website","url":"https:\/\/hst-fitstudio.at\/","name":"Dein Gesundheitstrainer Studio","description":"Fitness za \u017eene u Grazu sa trenericama","publisher":{"@id":"https:\/\/hst-fitstudio.at\/#organization"},"alternateName":"Dein Fitnessstudio nur f\u00fcr Frauen! Erreiche Deine Ziele mit professionellen Gesundheitstrainerinnen und individuellem Personal Training. Genie\u00dfe Frauenfitness in motivierender Atmosph\u00e4re und st\u00e4rke Dein Wohlbefinden!","potentialAction":[{"@type":"SearchAction","target":{"@type":"EntryPoint","urlTemplate":"https:\/\/hst-fitstudio.at\/?s={search_term_string}"},"query-input":{"@type":"PropertyValueSpecification","valueRequired":true,"valueName":"search_term_string"}}],"inLanguage":"de-AT"},{"@type":"Organization","@id":"https:\/\/hst-fitstudio.at\/#organization","name":"Dein Gesundheitstrainer Studio","alternateName":"Dein Fitnessstudio nur f\u00fcr Frauen! Erreiche Deine Ziele mit professionellen Gesundheitstrainerinnen und individuellem Personal Training. Genie\u00dfe Frauenfitness in motivierender Atmosph\u00e4re und st\u00e4rke Dein Wohlbefinden!","url":"https:\/\/hst-fitstudio.at\/","logo":{"@type":"ImageObject","inLanguage":"de-AT","@id":"https:\/\/hst-fitstudio.at\/#\/schema\/logo\/image\/","url":"https:\/\/hst-fitstudio.at\/wp-content\/uploads\/2024\/09\/transparent-logo-white.png","contentUrl":"https:\/\/hst-fitstudio.at\/wp-content\/uploads\/2024\/09\/transparent-logo-white.png","width":500,"height":388,"caption":"Dein Gesundheitstrainer Studio"},"image":{"@id":"https:\/\/hst-fitstudio.at\/#\/schema\/logo\/image\/"}}]}},"_links":{"self":[{"href":"https:\/\/hst-fitstudio.at\/de\/wp-json\/wp\/v2\/pages\/731"}],"collection":[{"href":"https:\/\/hst-fitstudio.at\/de\/wp-json\/wp\/v2\/pages"}],"about":[{"href":"https:\/\/hst-fitstudio.at\/de\/wp-json\/wp\/v2\/types\/page"}],"author":[{"embeddable":true,"href":"https:\/\/hst-fitstudio.at\/de\/wp-json\/wp\/v2\/users\/1"}],"replies":[{"embeddable":true,"href":"https:\/\/hst-fitstudio.at\/de\/wp-json\/wp\/v2\/comments?post=731"}],"version-history":[{"count":0,"href":"https:\/\/hst-fitstudio.at\/de\/wp-json\/wp\/v2\/pages\/731\/revisions"}],"wp:attachment":[{"href":"https:\/\/hst-fitstudio.at\/de\/wp-json\/wp\/v2\/media?parent=731"}],"curies":[{"name":"wp","href":"https:\/\/api.w.org\/{rel}","templated":true}]}}