{"id":176,"date":"2024-09-26T06:19:57","date_gmt":"2024-09-26T06:19:57","guid":{"rendered":"https:\/\/hst-fitstudio.at\/?page_id=176"},"modified":"2024-11-25T20:33:18","modified_gmt":"2024-11-25T19:33:18","slug":"diatplan","status":"publish","type":"page","link":"https:\/\/hst-fitstudio.at\/de\/diatplan\/","title":{"rendered":"Ern\u00e4hrung"},"content":{"rendered":"<div data-elementor-type=\"wp-page\" data-elementor-id=\"176\" class=\"elementor elementor-176\" data-elementor-post-type=\"page\">\n\t\t\t\t<div class=\"elementor-element elementor-element-58aa7a5 e-flex e-con-boxed e-con e-parent\" data-id=\"58aa7a5\" data-element_type=\"container\" data-e-type=\"container\" data-settings=\"{&quot;background_background&quot;:&quot;classic&quot;}\">\n\t\t\t\t\t<div class=\"e-con-inner\">\n\t\t<div class=\"elementor-element elementor-element-b9eb227 e-con-full e-flex e-con e-child\" data-id=\"b9eb227\" data-element_type=\"container\" data-e-type=\"container\">\n\t\t\t\t<div class=\"elementor-element elementor-element-bbd7a4b elementor-widget elementor-widget-heading\" data-id=\"bbd7a4b\" data-element_type=\"widget\" data-e-type=\"widget\" data-widget_type=\"heading.default\">\n\t\t\t\t<div class=\"elementor-widget-container\">\n\t\t\t\t\t<h1 class=\"elementor-heading-title elementor-size-default\">Ern\u00e4hrung<\/h1>\t\t\t\t<\/div>\n\t\t\t\t<\/div>\n\t\t\t\t<\/div>\n\t\t<div class=\"elementor-element elementor-element-9b7f233 e-con-full e-flex e-con e-child\" data-id=\"9b7f233\" data-element_type=\"container\" data-e-type=\"container\">\n\t\t\t\t<\/div>\n\t\t\t\t\t<\/div>\n\t\t\t\t<\/div>\n\t\t<div class=\"elementor-element elementor-element-63e0cce e-flex e-con-boxed e-con e-parent\" data-id=\"63e0cce\" data-element_type=\"container\" data-e-type=\"container\" data-settings=\"{&quot;background_background&quot;:&quot;classic&quot;}\">\n\t\t\t\t\t<div class=\"e-con-inner\">\n\t\t<div class=\"elementor-element elementor-element-e46b4ed e-con-full e-flex e-con e-child\" data-id=\"e46b4ed\" data-element_type=\"container\" data-e-type=\"container\">\n\t\t\t\t<div class=\"elementor-element elementor-element-d0f3b6c elementor-widget elementor-widget-heading\" data-id=\"d0f3b6c\" data-element_type=\"widget\" data-e-type=\"widget\" data-widget_type=\"heading.default\">\n\t\t\t\t<div class=\"elementor-widget-container\">\n\t\t\t\t\t<h2 class=\"elementor-heading-title elementor-size-default\">Dein-Gesundheitstrainer<\/h2>\t\t\t\t<\/div>\n\t\t\t\t<\/div>\n\t\t\t\t<div class=\"elementor-element elementor-element-1399b65 elementor-widget elementor-widget-heading\" data-id=\"1399b65\" data-element_type=\"widget\" data-e-type=\"widget\" data-widget_type=\"heading.default\">\n\t\t\t\t<div class=\"elementor-widget-container\">\n\t\t\t\t\t<h3 class=\"elementor-heading-title elementor-size-default\">Gesunde Ern\u00e4hrung<\/h3>\t\t\t\t<\/div>\n\t\t\t\t<\/div>\n\t\t\t\t<div class=\"elementor-element elementor-element-7bfb062 elementor-widget elementor-widget-text-editor\" data-id=\"7bfb062\" data-element_type=\"widget\" data-e-type=\"widget\" data-widget_type=\"text-editor.default\">\n\t\t\t\t<div class=\"elementor-widget-container\">\n\t\t\t\t\t\t\t\t\t<p>Zu einer richtigen (ausgewogenen) Ern\u00e4hrung geh\u00f6rt immer:<\/p>\t\t\t\t\t\t\t\t<\/div>\n\t\t\t\t<\/div>\n\t\t\t\t<div class=\"elementor-element elementor-element-dd6a944 elementor-icon-list--layout-traditional elementor-list-item-link-full_width elementor-widget elementor-widget-icon-list\" data-id=\"dd6a944\" data-element_type=\"widget\" data-e-type=\"widget\" data-widget_type=\"icon-list.default\">\n\t\t\t\t<div class=\"elementor-widget-container\">\n\t\t\t\t\t\t\t<ul class=\"elementor-icon-list-items\">\n\t\t\t\t\t\t\t<li class=\"elementor-icon-list-item\">\n\t\t\t\t\t\t\t\t\t\t\t<span class=\"elementor-icon-list-icon\">\n\t\t\t\t\t\t\t<svg aria-hidden=\"true\" class=\"e-font-icon-svg e-fas-check\" viewbox=\"0 0 512 512\" xmlns=\"http:\/\/www.w3.org\/2000\/svg\"><path d=\"M173.898 439.404l-166.4-166.4c-9.997-9.997-9.997-26.206 0-36.204l36.203-36.204c9.997-9.998 26.207-9.998 36.204 0L192 312.69 432.095 72.596c9.997-9.997 26.207-9.997 36.204 0l36.203 36.204c9.997 9.997 9.997 26.206 0 36.204l-294.4 294.401c-9.998 9.997-26.207 9.997-36.204-.001z\"><\/path><\/svg>\t\t\t\t\t\t<\/span>\n\t\t\t\t\t\t\t\t\t\t<span class=\"elementor-icon-list-text\">Proteine<\/span>\n\t\t\t\t\t\t\t\t\t<\/li>\n\t\t\t\t\t\t\t\t<li class=\"elementor-icon-list-item\">\n\t\t\t\t\t\t\t\t\t\t\t<span class=\"elementor-icon-list-icon\">\n\t\t\t\t\t\t\t<svg aria-hidden=\"true\" class=\"e-font-icon-svg e-fas-check\" viewbox=\"0 0 512 512\" xmlns=\"http:\/\/www.w3.org\/2000\/svg\"><path d=\"M173.898 439.404l-166.4-166.4c-9.997-9.997-9.997-26.206 0-36.204l36.203-36.204c9.997-9.998 26.207-9.998 36.204 0L192 312.69 432.095 72.596c9.997-9.997 26.207-9.997 36.204 0l36.203 36.204c9.997 9.997 9.997 26.206 0 36.204l-294.4 294.401c-9.998 9.997-26.207 9.997-36.204-.001z\"><\/path><\/svg>\t\t\t\t\t\t<\/span>\n\t\t\t\t\t\t\t\t\t\t<span class=\"elementor-icon-list-text\">Fette (gesunde Fette)  <\/span>\n\t\t\t\t\t\t\t\t\t<\/li>\n\t\t\t\t\t\t\t\t<li class=\"elementor-icon-list-item\">\n\t\t\t\t\t\t\t\t\t\t\t<span class=\"elementor-icon-list-icon\">\n\t\t\t\t\t\t\t<svg aria-hidden=\"true\" class=\"e-font-icon-svg e-fas-check\" viewbox=\"0 0 512 512\" xmlns=\"http:\/\/www.w3.org\/2000\/svg\"><path d=\"M173.898 439.404l-166.4-166.4c-9.997-9.997-9.997-26.206 0-36.204l36.203-36.204c9.997-9.998 26.207-9.998 36.204 0L192 312.69 432.095 72.596c9.997-9.997 26.207-9.997 36.204 0l36.203 36.204c9.997 9.997 9.997 26.206 0 36.204l-294.4 294.401c-9.998 9.997-26.207 9.997-36.204-.001z\"><\/path><\/svg>\t\t\t\t\t\t<\/span>\n\t\t\t\t\t\t\t\t\t\t<span class=\"elementor-icon-list-text\">Kohlenhydrate (komplex) (zur Energiegewinnung)<\/span>\n\t\t\t\t\t\t\t\t\t<\/li>\n\t\t\t\t\t\t<\/ul>\n\t\t\t\t\t\t<\/div>\n\t\t\t\t<\/div>\n\t\t\t\t<\/div>\n\t\t<div class=\"elementor-element elementor-element-fb2c10f e-con-full e-flex e-con e-child\" data-id=\"fb2c10f\" data-element_type=\"container\" data-e-type=\"container\">\n\t\t\t\t<div class=\"elementor-element elementor-element-189488e elementor-widget elementor-widget-image\" data-id=\"189488e\" data-element_type=\"widget\" data-e-type=\"widget\" data-widget_type=\"image.default\">\n\t\t\t\t<div class=\"elementor-widget-container\">\n\t\t\t\t\t\t\t\t\t\t\t\t\t\t\t<img fetchpriority=\"high\" decoding=\"async\" width=\"800\" height=\"534\" src=\"https:\/\/hst-fitstudio.at\/wp-content\/uploads\/2024\/11\/Salate-1024x683.jpg\" class=\"attachment-large size-large wp-image-1365\" alt=\"Salate\" srcset=\"https:\/\/hst-fitstudio.at\/wp-content\/uploads\/2024\/11\/Salate-1024x683.jpg 1024w, https:\/\/hst-fitstudio.at\/wp-content\/uploads\/2024\/11\/Salate-300x200.jpg 300w, https:\/\/hst-fitstudio.at\/wp-content\/uploads\/2024\/11\/Salate-768x512.jpg 768w, https:\/\/hst-fitstudio.at\/wp-content\/uploads\/2024\/11\/Salate-1536x1024.jpg 1536w, https:\/\/hst-fitstudio.at\/wp-content\/uploads\/2024\/11\/Salate-2048x1365.jpg 2048w, https:\/\/hst-fitstudio.at\/wp-content\/uploads\/2024\/11\/Salate-18x12.jpg 18w\" sizes=\"(max-width: 800px) 100vw, 800px\" \/>\t\t\t\t\t\t\t\t\t\t\t\t\t\t\t<\/div>\n\t\t\t\t<\/div>\n\t\t\t\t<\/div>\n\t\t\t\t\t<\/div>\n\t\t\t\t<\/div>\n\t\t<div class=\"elementor-element elementor-element-5084106 e-flex e-con-boxed e-con e-parent\" data-id=\"5084106\" data-element_type=\"container\" data-e-type=\"container\" data-settings=\"{&quot;background_background&quot;:&quot;classic&quot;}\">\n\t\t\t\t\t<div class=\"e-con-inner\">\n\t\t<div class=\"elementor-element elementor-element-ef1cdb1 e-con-full e-flex e-con e-child\" data-id=\"ef1cdb1\" data-element_type=\"container\" data-e-type=\"container\">\n\t\t\t\t<div class=\"elementor-element elementor-element-6f3479a elementor-widget__width-initial elementor-widget elementor-widget-heading\" data-id=\"6f3479a\" data-element_type=\"widget\" data-e-type=\"widget\" data-widget_type=\"heading.default\">\n\t\t\t\t<div class=\"elementor-widget-container\">\n\t\t\t\t\t<span class=\"elementor-heading-title elementor-size-default\">Richtige Ern\u00e4hrung + Training = gesunde Gedanken = gesunder Geist = gesunder K\u00f6rper = GESUND, ENERGIE, ATTRAKTIV UND GL\u00dcCKLICH<\/span>\t\t\t\t<\/div>\n\t\t\t\t<\/div>\n\t\t\t\t<\/div>\n\t\t\t\t\t<\/div>\n\t\t\t\t<\/div>\n\t\t<div class=\"elementor-element elementor-element-20bb93e e-flex e-con-boxed e-con e-parent\" data-id=\"20bb93e\" data-element_type=\"container\" data-e-type=\"container\" data-settings=\"{&quot;background_background&quot;:&quot;classic&quot;}\">\n\t\t\t\t\t<div class=\"e-con-inner\">\n\t\t<div class=\"elementor-element elementor-element-d5b2473 e-con-full e-flex e-con e-child\" data-id=\"d5b2473\" data-element_type=\"container\" data-e-type=\"container\">\n\t\t\t\t<div class=\"elementor-element elementor-element-0b09f07 elementor-widget elementor-widget-heading\" data-id=\"0b09f07\" data-element_type=\"widget\" data-e-type=\"widget\" data-widget_type=\"heading.default\">\n\t\t\t\t<div class=\"elementor-widget-container\">\n\t\t\t\t\t<span class=\"elementor-heading-title elementor-size-default\">Ern\u00e4hrungsplan<\/span>\t\t\t\t<\/div>\n\t\t\t\t<\/div>\n\t\t\t\t<div class=\"elementor-element elementor-element-11cf32b elementor-widget elementor-widget-text-editor\" data-id=\"11cf32b\" data-element_type=\"widget\" data-e-type=\"widget\" data-widget_type=\"text-editor.default\">\n\t\t\t\t<div class=\"elementor-widget-container\">\n\t\t\t\t\t\t\t\t\t<p class=\"Standard\"><span lang=\"DE-AT\" style=\"font-family: 'Arial',sans-serif;\">Der Ern\u00e4hrungsplan entsprechend Ihren Zielen und Bed\u00fcrfnissen enth\u00e4lt:<\/span><\/p>\t\t\t\t\t\t\t\t<\/div>\n\t\t\t\t<\/div>\n\t\t\t\t<div class=\"elementor-element elementor-element-3f66eff elementor-icon-list--layout-traditional elementor-list-item-link-full_width elementor-widget elementor-widget-icon-list\" data-id=\"3f66eff\" data-element_type=\"widget\" data-e-type=\"widget\" data-widget_type=\"icon-list.default\">\n\t\t\t\t<div class=\"elementor-widget-container\">\n\t\t\t\t\t\t\t<ul class=\"elementor-icon-list-items\">\n\t\t\t\t\t\t\t<li class=\"elementor-icon-list-item\">\n\t\t\t\t\t\t\t\t\t\t\t<span class=\"elementor-icon-list-icon\">\n\t\t\t\t\t\t\t<svg aria-hidden=\"true\" class=\"e-font-icon-svg e-fas-check\" viewbox=\"0 0 512 512\" xmlns=\"http:\/\/www.w3.org\/2000\/svg\"><path d=\"M173.898 439.404l-166.4-166.4c-9.997-9.997-9.997-26.206 0-36.204l36.203-36.204c9.997-9.998 26.207-9.998 36.204 0L192 312.69 432.095 72.596c9.997-9.997 26.207-9.997 36.204 0l36.203 36.204c9.997 9.997 9.997 26.206 0 36.204l-294.4 294.401c-9.998 9.997-26.207 9.997-36.204-.001z\"><\/path><\/svg>\t\t\t\t\t\t<\/span>\n\t\t\t\t\t\t\t\t\t\t<span class=\"elementor-icon-list-text\">Entgiftung des gesamten K\u00f6rpers.<\/span>\n\t\t\t\t\t\t\t\t\t<\/li>\n\t\t\t\t\t\t\t\t<li class=\"elementor-icon-list-item\">\n\t\t\t\t\t\t\t\t\t\t\t<span class=\"elementor-icon-list-icon\">\n\t\t\t\t\t\t\t<svg aria-hidden=\"true\" class=\"e-font-icon-svg e-fas-check\" viewbox=\"0 0 512 512\" xmlns=\"http:\/\/www.w3.org\/2000\/svg\"><path d=\"M173.898 439.404l-166.4-166.4c-9.997-9.997-9.997-26.206 0-36.204l36.203-36.204c9.997-9.998 26.207-9.998 36.204 0L192 312.69 432.095 72.596c9.997-9.997 26.207-9.997 36.204 0l36.203 36.204c9.997 9.997 9.997 26.206 0 36.204l-294.4 294.401c-9.998 9.997-26.207 9.997-36.204-.001z\"><\/path><\/svg>\t\t\t\t\t\t<\/span>\n\t\t\t\t\t\t\t\t\t\t<span class=\"elementor-icon-list-text\">L\u00f6sung der aktuellen Diagnose (falls vorhanden, z. B. Schilddr\u00fcsenerkrankung, Diabetes usw.)<\/span>\n\t\t\t\t\t\t\t\t\t<\/li>\n\t\t\t\t\t\t\t\t<li class=\"elementor-icon-list-item\">\n\t\t\t\t\t\t\t\t\t\t\t<span class=\"elementor-icon-list-icon\">\n\t\t\t\t\t\t\t<svg aria-hidden=\"true\" class=\"e-font-icon-svg e-fas-check\" viewbox=\"0 0 512 512\" xmlns=\"http:\/\/www.w3.org\/2000\/svg\"><path d=\"M173.898 439.404l-166.4-166.4c-9.997-9.997-9.997-26.206 0-36.204l36.203-36.204c9.997-9.998 26.207-9.998 36.204 0L192 312.69 432.095 72.596c9.997-9.997 26.207-9.997 36.204 0l36.203 36.204c9.997 9.997 9.997 26.206 0 36.204l-294.4 294.401c-9.998 9.997-26.207 9.997-36.204-.001z\"><\/path><\/svg>\t\t\t\t\t\t<\/span>\n\t\t\t\t\t\t\t\t\t\t<span class=\"elementor-icon-list-text\">Anpassung des Plans entsprechend Ihren Bed\u00fcrfnissen und Ihren M\u00f6glichkeiten<\/span>\n\t\t\t\t\t\t\t\t\t<\/li>\n\t\t\t\t\t\t\t\t<li class=\"elementor-icon-list-item\">\n\t\t\t\t\t\t\t\t\t\t\t<span class=\"elementor-icon-list-icon\">\n\t\t\t\t\t\t\t<svg aria-hidden=\"true\" class=\"e-font-icon-svg e-fas-check\" viewbox=\"0 0 512 512\" xmlns=\"http:\/\/www.w3.org\/2000\/svg\"><path d=\"M173.898 439.404l-166.4-166.4c-9.997-9.997-9.997-26.206 0-36.204l36.203-36.204c9.997-9.998 26.207-9.998 36.204 0L192 312.69 432.095 72.596c9.997-9.997 26.207-9.997 36.204 0l36.203 36.204c9.997 9.997 9.997 26.206 0 36.204l-294.4 294.401c-9.998 9.997-26.207 9.997-36.204-.001z\"><\/path><\/svg>\t\t\t\t\t\t<\/span>\n\t\t\t\t\t\t\t\t\t\t<span class=\"elementor-icon-list-text\">Sammeln neuer Erkenntnisse \u00fcber Ern\u00e4hrung und gesunde Lebensmittel<\/span>\n\t\t\t\t\t\t\t\t\t<\/li>\n\t\t\t\t\t\t\t\t<li class=\"elementor-icon-list-item\">\n\t\t\t\t\t\t\t\t\t\t\t<span class=\"elementor-icon-list-icon\">\n\t\t\t\t\t\t\t<svg aria-hidden=\"true\" class=\"e-font-icon-svg e-fas-check\" viewbox=\"0 0 512 512\" xmlns=\"http:\/\/www.w3.org\/2000\/svg\"><path d=\"M173.898 439.404l-166.4-166.4c-9.997-9.997-9.997-26.206 0-36.204l36.203-36.204c9.997-9.998 26.207-9.998 36.204 0L192 312.69 432.095 72.596c9.997-9.997 26.207-9.997 36.204 0l36.203 36.204c9.997 9.997 9.997 26.206 0 36.204l-294.4 294.401c-9.998 9.997-26.207 9.997-36.204-.001z\"><\/path><\/svg>\t\t\t\t\t\t<\/span>\n\t\t\t\t\t\t\t\t\t\t<span class=\"elementor-icon-list-text\">Schnelle und gesunde Rezepte.<\/span>\n\t\t\t\t\t\t\t\t\t<\/li>\n\t\t\t\t\t\t\t\t<li class=\"elementor-icon-list-item\">\n\t\t\t\t\t\t\t\t\t\t\t<span class=\"elementor-icon-list-icon\">\n\t\t\t\t\t\t\t<svg aria-hidden=\"true\" class=\"e-font-icon-svg e-fas-check\" viewbox=\"0 0 512 512\" xmlns=\"http:\/\/www.w3.org\/2000\/svg\"><path d=\"M173.898 439.404l-166.4-166.4c-9.997-9.997-9.997-26.206 0-36.204l36.203-36.204c9.997-9.998 26.207-9.998 36.204 0L192 312.69 432.095 72.596c9.997-9.997 26.207-9.997 36.204 0l36.203 36.204c9.997 9.997 9.997 26.206 0 36.204l-294.4 294.401c-9.998 9.997-26.207 9.997-36.204-.001z\"><\/path><\/svg>\t\t\t\t\t\t<\/span>\n\t\t\t\t\t\t\t\t\t\t<span class=\"elementor-icon-list-text\">Supplementierung nach Bedarf.<\/span>\n\t\t\t\t\t\t\t\t\t<\/li>\n\t\t\t\t\t\t<\/ul>\n\t\t\t\t\t\t<\/div>\n\t\t\t\t<\/div>\n\t\t\t\t<div class=\"elementor-element elementor-element-be23b49 elementor-widget elementor-widget-text-editor\" data-id=\"be23b49\" data-element_type=\"widget\" data-e-type=\"widget\" data-widget_type=\"text-editor.default\">\n\t\t\t\t<div class=\"elementor-widget-container\">\n\t\t\t\t\t\t\t\t\t<p class=\"Standard\"><span lang=\"DE-AT\" style=\"font-family: 'Arial',sans-serif;\">Ein Ern\u00e4hrungsplan ist keine Di\u00e4t, sondern Ihr neuer Essstil.<\/span><\/p>\t\t\t\t\t\t\t\t<\/div>\n\t\t\t\t<\/div>\n\t\t\t\t<div class=\"elementor-element elementor-element-6967fc8 elementor-widget elementor-widget-text-editor\" data-id=\"6967fc8\" data-element_type=\"widget\" data-e-type=\"widget\" data-widget_type=\"text-editor.default\">\n\t\t\t\t<div class=\"elementor-widget-container\">\n\t\t\t\t\t\t\t\t\t<p class=\"Standard\"><span lang=\"DE-AT\" style=\"font-family: 'Arial',sans-serif;\">Ern\u00e4hrungspl\u00e4ne auch f\u00fcr Vegetarier und Veganer.<\/span><\/p>\t\t\t\t\t\t\t\t<\/div>\n\t\t\t\t<\/div>\n\t\t\t\t<\/div>\n\t\t\t\t\t<\/div>\n\t\t\t\t<\/div>\n\t\t\t\t<\/div>","protected":false},"excerpt":{"rendered":"<p>PREHRANA Dein-Gesundheitstrainer pravilna ishrana Pravilna(balansirana) ishrana uvijek sadrzi: Bjelancevine (proteini) Masti (zdrave masti) Ugljikohidrate (kompleksni)(za energiju) Pravilna ishrana + trening = zdrave misli = zdrav duh = zdravo tijelo = ZDRAV, ENERGICAN, ATRAKTIVAN I SRETAN plan ishrane Plan ishrane prema tvojim ciljevima, potrebama sadrzi: detoksikacija cijelog organizma rjesavanje trenutne dijagnoze (ukoliko postoji, kao npr. bolesti [&hellip;]<\/p>\n","protected":false},"author":1,"featured_media":0,"parent":0,"menu_order":4,"comment_status":"closed","ping_status":"closed","template":"","meta":{"iawp_total_views":258,"footnotes":""},"class_list":["post-176","page","type-page","status-publish","hentry"],"yoast_head":"<!-- This site is optimized with the Yoast SEO plugin v24.5 - https:\/\/yoast.com\/wordpress\/plugins\/seo\/ -->\n<title>Prehrana - Dein Gesundheitstrainer Studio<\/title>\n<meta name=\"description\" content=\"Erstelle Deinen individuellen Di\u00e4tplan in unserem Fitnessstudio, um Deine Fitnessziele zu erreichen und Deinen Lebensstil zu optimieren\" \/>\n<meta name=\"robots\" content=\"index, follow, max-snippet:-1, max-image-preview:large, max-video-preview:-1\" \/>\n<link rel=\"canonical\" href=\"https:\/\/hst-fitstudio.at\/de\/diatplan\/\" \/>\n<meta property=\"og:locale\" content=\"de_DE\" \/>\n<meta property=\"og:type\" content=\"article\" \/>\n<meta property=\"og:title\" content=\"Prehrana - Dein Gesundheitstrainer Studio\" \/>\n<meta property=\"og:description\" content=\"Erstelle Deinen individuellen Di\u00e4tplan in unserem Fitnessstudio, um Deine Fitnessziele zu erreichen und Deinen Lebensstil zu optimieren\" \/>\n<meta property=\"og:url\" content=\"https:\/\/hst-fitstudio.at\/de\/diatplan\/\" \/>\n<meta property=\"og:site_name\" content=\"Dein Gesundheitstrainer Studio\" \/>\n<meta property=\"article:modified_time\" content=\"2024-11-25T19:33:18+00:00\" \/>\n<meta property=\"og:image\" content=\"https:\/\/hst-fitstudio.at\/wp-content\/uploads\/2024\/11\/Salate-1024x683.jpg\" \/>\n<meta name=\"twitter:card\" content=\"summary_large_image\" \/>\n<meta name=\"twitter:label1\" content=\"Gesch\u00e4tzte Lesezeit\" \/>\n\t<meta name=\"twitter:data1\" content=\"1 Minute\" \/>\n<script type=\"application\/ld+json\" class=\"yoast-schema-graph\">{\"@context\":\"https:\/\/schema.org\",\"@graph\":[{\"@type\":\"WebPage\",\"@id\":\"https:\/\/hst-fitstudio.at\/diatplan\/\",\"url\":\"https:\/\/hst-fitstudio.at\/diatplan\/\",\"name\":\"Prehrana - Dein Gesundheitstrainer Studio\",\"isPartOf\":{\"@id\":\"https:\/\/hst-fitstudio.at\/#website\"},\"primaryImageOfPage\":{\"@id\":\"https:\/\/hst-fitstudio.at\/diatplan\/#primaryimage\"},\"image\":{\"@id\":\"https:\/\/hst-fitstudio.at\/diatplan\/#primaryimage\"},\"thumbnailUrl\":\"https:\/\/hst-fitstudio.at\/wp-content\/uploads\/2024\/11\/Salate-1024x683.jpg\",\"datePublished\":\"2024-09-26T06:19:57+00:00\",\"dateModified\":\"2024-11-25T19:33:18+00:00\",\"description\":\"Erstelle Deinen individuellen Di\u00e4tplan in unserem Fitnessstudio, um Deine Fitnessziele zu erreichen und Deinen Lebensstil zu optimieren\",\"breadcrumb\":{\"@id\":\"https:\/\/hst-fitstudio.at\/diatplan\/#breadcrumb\"},\"inLanguage\":\"de-AT\",\"potentialAction\":[{\"@type\":\"ReadAction\",\"target\":[\"https:\/\/hst-fitstudio.at\/diatplan\/\"]}]},{\"@type\":\"ImageObject\",\"inLanguage\":\"de-AT\",\"@id\":\"https:\/\/hst-fitstudio.at\/diatplan\/#primaryimage\",\"url\":\"https:\/\/hst-fitstudio.at\/wp-content\/uploads\/2024\/11\/Salate-1024x683.jpg\",\"contentUrl\":\"https:\/\/hst-fitstudio.at\/wp-content\/uploads\/2024\/11\/Salate-1024x683.jpg\"},{\"@type\":\"BreadcrumbList\",\"@id\":\"https:\/\/hst-fitstudio.at\/diatplan\/#breadcrumb\",\"itemListElement\":[{\"@type\":\"ListItem\",\"position\":1,\"name\":\"Startseite\",\"item\":\"https:\/\/hst-fitstudio.at\/\"},{\"@type\":\"ListItem\",\"position\":2,\"name\":\"Prehrana\"}]},{\"@type\":\"WebSite\",\"@id\":\"https:\/\/hst-fitstudio.at\/#website\",\"url\":\"https:\/\/hst-fitstudio.at\/\",\"name\":\"Dein Gesundheitstrainer Studio\",\"description\":\"Fitness za \u017eene u Grazu sa trenericama\",\"publisher\":{\"@id\":\"https:\/\/hst-fitstudio.at\/#organization\"},\"alternateName\":\"Dein Fitnessstudio nur f\u00fcr Frauen! Erreiche Deine Ziele mit professionellen Gesundheitstrainerinnen und individuellem Personal Training. Genie\u00dfe Frauenfitness in motivierender Atmosph\u00e4re und st\u00e4rke Dein Wohlbefinden!\",\"potentialAction\":[{\"@type\":\"SearchAction\",\"target\":{\"@type\":\"EntryPoint\",\"urlTemplate\":\"https:\/\/hst-fitstudio.at\/?s={search_term_string}\"},\"query-input\":{\"@type\":\"PropertyValueSpecification\",\"valueRequired\":true,\"valueName\":\"search_term_string\"}}],\"inLanguage\":\"de-AT\"},{\"@type\":\"Organization\",\"@id\":\"https:\/\/hst-fitstudio.at\/#organization\",\"name\":\"Dein Gesundheitstrainer Studio\",\"alternateName\":\"Dein Fitnessstudio nur f\u00fcr Frauen! Erreiche Deine Ziele mit professionellen Gesundheitstrainerinnen und individuellem Personal Training. Genie\u00dfe Frauenfitness in motivierender Atmosph\u00e4re und st\u00e4rke Dein Wohlbefinden!\",\"url\":\"https:\/\/hst-fitstudio.at\/\",\"logo\":{\"@type\":\"ImageObject\",\"inLanguage\":\"de-AT\",\"@id\":\"https:\/\/hst-fitstudio.at\/#\/schema\/logo\/image\/\",\"url\":\"https:\/\/hst-fitstudio.at\/wp-content\/uploads\/2024\/09\/transparent-logo-white.png\",\"contentUrl\":\"https:\/\/hst-fitstudio.at\/wp-content\/uploads\/2024\/09\/transparent-logo-white.png\",\"width\":500,\"height\":388,\"caption\":\"Dein Gesundheitstrainer Studio\"},\"image\":{\"@id\":\"https:\/\/hst-fitstudio.at\/#\/schema\/logo\/image\/\"}}]}<\/script>\n<!-- \/ Yoast SEO plugin. -->","yoast_head_json":{"title":"Prehrana - Dein Gesundheitstrainer Studio","description":"Erstelle Deinen individuellen Di\u00e4tplan in unserem Fitnessstudio, um Deine Fitnessziele zu erreichen und Deinen Lebensstil zu optimieren","robots":{"index":"index","follow":"follow","max-snippet":"max-snippet:-1","max-image-preview":"max-image-preview:large","max-video-preview":"max-video-preview:-1"},"canonical":"https:\/\/hst-fitstudio.at\/de\/diatplan\/","og_locale":"de_DE","og_type":"article","og_title":"Prehrana - Dein Gesundheitstrainer Studio","og_description":"Erstelle Deinen individuellen Di\u00e4tplan in unserem Fitnessstudio, um Deine Fitnessziele zu erreichen und Deinen Lebensstil zu optimieren","og_url":"https:\/\/hst-fitstudio.at\/de\/diatplan\/","og_site_name":"Dein Gesundheitstrainer Studio","article_modified_time":"2024-11-25T19:33:18+00:00","og_image":[{"url":"https:\/\/hst-fitstudio.at\/wp-content\/uploads\/2024\/11\/Salate-1024x683.jpg","type":"","width":"","height":""}],"twitter_card":"summary_large_image","twitter_misc":{"Gesch\u00e4tzte Lesezeit":"1 Minute"},"schema":{"@context":"https:\/\/schema.org","@graph":[{"@type":"WebPage","@id":"https:\/\/hst-fitstudio.at\/diatplan\/","url":"https:\/\/hst-fitstudio.at\/diatplan\/","name":"Prehrana - Dein Gesundheitstrainer Studio","isPartOf":{"@id":"https:\/\/hst-fitstudio.at\/#website"},"primaryImageOfPage":{"@id":"https:\/\/hst-fitstudio.at\/diatplan\/#primaryimage"},"image":{"@id":"https:\/\/hst-fitstudio.at\/diatplan\/#primaryimage"},"thumbnailUrl":"https:\/\/hst-fitstudio.at\/wp-content\/uploads\/2024\/11\/Salate-1024x683.jpg","datePublished":"2024-09-26T06:19:57+00:00","dateModified":"2024-11-25T19:33:18+00:00","description":"Erstelle Deinen individuellen Di\u00e4tplan in unserem Fitnessstudio, um Deine Fitnessziele zu erreichen und Deinen Lebensstil zu optimieren","breadcrumb":{"@id":"https:\/\/hst-fitstudio.at\/diatplan\/#breadcrumb"},"inLanguage":"de-AT","potentialAction":[{"@type":"ReadAction","target":["https:\/\/hst-fitstudio.at\/diatplan\/"]}]},{"@type":"ImageObject","inLanguage":"de-AT","@id":"https:\/\/hst-fitstudio.at\/diatplan\/#primaryimage","url":"https:\/\/hst-fitstudio.at\/wp-content\/uploads\/2024\/11\/Salate-1024x683.jpg","contentUrl":"https:\/\/hst-fitstudio.at\/wp-content\/uploads\/2024\/11\/Salate-1024x683.jpg"},{"@type":"BreadcrumbList","@id":"https:\/\/hst-fitstudio.at\/diatplan\/#breadcrumb","itemListElement":[{"@type":"ListItem","position":1,"name":"Startseite","item":"https:\/\/hst-fitstudio.at\/"},{"@type":"ListItem","position":2,"name":"Prehrana"}]},{"@type":"WebSite","@id":"https:\/\/hst-fitstudio.at\/#website","url":"https:\/\/hst-fitstudio.at\/","name":"Dein Gesundheitstrainer Studio","description":"Fitness za \u017eene u Grazu sa trenericama","publisher":{"@id":"https:\/\/hst-fitstudio.at\/#organization"},"alternateName":"Dein Fitnessstudio nur f\u00fcr Frauen! Erreiche Deine Ziele mit professionellen Gesundheitstrainerinnen und individuellem Personal Training. Genie\u00dfe Frauenfitness in motivierender Atmosph\u00e4re und st\u00e4rke Dein Wohlbefinden!","potentialAction":[{"@type":"SearchAction","target":{"@type":"EntryPoint","urlTemplate":"https:\/\/hst-fitstudio.at\/?s={search_term_string}"},"query-input":{"@type":"PropertyValueSpecification","valueRequired":true,"valueName":"search_term_string"}}],"inLanguage":"de-AT"},{"@type":"Organization","@id":"https:\/\/hst-fitstudio.at\/#organization","name":"Dein Gesundheitstrainer Studio","alternateName":"Dein Fitnessstudio nur f\u00fcr Frauen! Erreiche Deine Ziele mit professionellen Gesundheitstrainerinnen und individuellem Personal Training. Genie\u00dfe Frauenfitness in motivierender Atmosph\u00e4re und st\u00e4rke Dein Wohlbefinden!","url":"https:\/\/hst-fitstudio.at\/","logo":{"@type":"ImageObject","inLanguage":"de-AT","@id":"https:\/\/hst-fitstudio.at\/#\/schema\/logo\/image\/","url":"https:\/\/hst-fitstudio.at\/wp-content\/uploads\/2024\/09\/transparent-logo-white.png","contentUrl":"https:\/\/hst-fitstudio.at\/wp-content\/uploads\/2024\/09\/transparent-logo-white.png","width":500,"height":388,"caption":"Dein Gesundheitstrainer Studio"},"image":{"@id":"https:\/\/hst-fitstudio.at\/#\/schema\/logo\/image\/"}}]}},"_links":{"self":[{"href":"https:\/\/hst-fitstudio.at\/de\/wp-json\/wp\/v2\/pages\/176"}],"collection":[{"href":"https:\/\/hst-fitstudio.at\/de\/wp-json\/wp\/v2\/pages"}],"about":[{"href":"https:\/\/hst-fitstudio.at\/de\/wp-json\/wp\/v2\/types\/page"}],"author":[{"embeddable":true,"href":"https:\/\/hst-fitstudio.at\/de\/wp-json\/wp\/v2\/users\/1"}],"replies":[{"embeddable":true,"href":"https:\/\/hst-fitstudio.at\/de\/wp-json\/wp\/v2\/comments?post=176"}],"version-history":[{"count":0,"href":"https:\/\/hst-fitstudio.at\/de\/wp-json\/wp\/v2\/pages\/176\/revisions"}],"wp:attachment":[{"href":"https:\/\/hst-fitstudio.at\/de\/wp-json\/wp\/v2\/media?parent=176"}],"curies":[{"name":"wp","href":"https:\/\/api.w.org\/{rel}","templated":true}]}}